{"id":2,"date":"2009-12-09T14:55:46","date_gmt":"2009-12-09T16:55:46","guid":{"rendered":"http:\/\/relinkare.com.br\/engenharia\/?page_id=2"},"modified":"2022-08-19T15:40:33","modified_gmt":"2022-08-19T17:40:33","slug":"sobre","status":"publish","type":"page","link":"https:\/\/relinkare.com.br\/engenharia\/sobre\/","title":{"rendered":"SOBRE O LIVRO"},"content":{"rendered":"\n<p><strong>Engenharia<\/strong> <strong>de<\/strong> <strong>Avi\u00e3ozinho<\/strong> \u00e9 um livro de poesias do animador cultural e produtor audiovisual&nbsp;<strong>Heraldo HB<\/strong>.<\/p>\n\n\n\n<p>O livro, que sai pela <strong>Esteio Editora<\/strong>, tem a apresenta\u00e7\u00e3o do poeta <strong>Vicente Portella<\/strong> e desenho gr\u00e1fico do designer <strong><a href=\"http:\/\/venturotti.net\/\" target=\"_blank\" rel=\"noopener\">Thiago Venturotti<\/a>.<\/strong><\/p>\n\n\n\n<p>Dos textos que comp\u00f5em a obra, fazem parte muitas poesias que j\u00e1 freq\u00fcentaram saraus pelo Rio de Janeiro e estivem em publica\u00e7\u00f5es em papel e em Internet, transitando pelo circuito cultural alternativo do Estado.<\/p>\n\n\n\n<p>Al\u00e9m de ter trabalhado na Anima\u00e7\u00e3o Cultural, programa idealizado pelo professor Darcy Ribeiro para os CIEPs, Heraldo HB tamb\u00e9m \u00e9 fundador da r\u00e1dio Quarup FM, do portal Baixada On e do <a href=\"http:\/\/matecomangu.org\" target=\"_blank\" rel=\"noopener\">Cineclube Mate Com Angu<\/a>, hoje uma refer\u00eancia no audiovisual do pa\u00eds.<\/p>\n\n\n\n<p>O livro teve lan\u00e7amento <a href=\"https:\/\/relinkare.com.br\/engenharia\/?p=56\">em Caxias<\/a> e <a href=\"https:\/\/relinkare.com.br\/engenharia\/?p=180\">na Lapa<\/a>, reunindo&nbsp;exibi\u00e7\u00e3o de filmes, literatura e m\u00fasica ao vivo.<\/p>\n\n\n\n<p>Contatos com o autor podem ser feitos pelo e-mail <a href=\"mailto:hb@relinkare.org\" target=\"_blank\" rel=\"noopener\">hb@relinkare.org<\/a>&nbsp;ou pelo telefone (21) 976-016-700.<\/p>\n\n\n\n<p>Veja tamb\u00e9m: <a rel=\"noopener\" href=\"http:\/\/matecomangu.org\/cerolfininho\" target=\"_blank\">O Cerol Fininho da Baixada &#8211; Hist\u00f3rias do cineclube Mate Com Angu<\/a>, segundo livro do autor, pela <a rel=\"noopener\" href=\"http:\/\/aeroplanoeditora.com.br\/tramas-urbanas\/o-cerol-fininho-da-baixada-de-heraldo-hb\/\" target=\"_blank\">Aeroplano Editora<\/a>.<\/p>\n\n\n\n<figure class=\"wp-block-image size-full\"><img decoding=\"async\" loading=\"lazy\" width=\"600\" height=\"450\" src=\"https:\/\/relinkare.com.br\/engenharia\/wp-content\/uploads\/engenhariadeaviaozinho_heraldohb.jpg\" alt=\"\" class=\"wp-image-356\" srcset=\"https:\/\/relinkare.com.br\/engenharia\/wp-content\/uploads\/engenhariadeaviaozinho_heraldohb.jpg 600w, https:\/\/relinkare.com.br\/engenharia\/wp-content\/uploads\/engenhariadeaviaozinho_heraldohb-300x225.jpg 300w\" sizes=\"(max-width: 600px) 100vw, 600px\" \/><\/figure>\n\n\n\n<p class=\"has-text-align-center\"><\/p>\n","protected":false},"excerpt":{"rendered":"<p>Engenharia de Avi\u00e3ozinho \u00e9 um livro de poesias do animador cultural e produtor audiovisual&nbsp;Heraldo HB. O livro, que sai pela Esteio Editora, tem a apresenta\u00e7\u00e3o do poeta Vicente Portella e desenho gr\u00e1fico do designer Thiago Venturotti. Dos textos que comp\u00f5em &hellip; <a href=\"https:\/\/relinkare.com.br\/engenharia\/sobre\/\">Continue lendo <span class=\"meta-nav\">&rarr;<\/span><\/a><\/p>\n","protected":false},"author":4,"featured_media":0,"parent":0,"menu_order":0,"comment_status":"closed","ping_status":"closed","template":"","meta":[],"_links":{"self":[{"href":"https:\/\/relinkare.com.br\/engenharia\/wp-json\/wp\/v2\/pages\/2"}],"collection":[{"href":"https:\/\/relinkare.com.br\/engenharia\/wp-json\/wp\/v2\/pages"}],"about":[{"href":"https:\/\/relinkare.com.br\/engenharia\/wp-json\/wp\/v2\/types\/page"}],"author":[{"embeddable":true,"href":"https:\/\/relinkare.com.br\/engenharia\/wp-json\/wp\/v2\/users\/4"}],"replies":[{"embeddable":true,"href":"https:\/\/relinkare.com.br\/engenharia\/wp-json\/wp\/v2\/comments?post=2"}],"version-history":[{"count":12,"href":"https:\/\/relinkare.com.br\/engenharia\/wp-json\/wp\/v2\/pages\/2\/revisions"}],"predecessor-version":[{"id":357,"href":"https:\/\/relinkare.com.br\/engenharia\/wp-json\/wp\/v2\/pages\/2\/revisions\/357"}],"wp:attachment":[{"href":"https:\/\/relinkare.com.br\/engenharia\/wp-json\/wp\/v2\/media?parent=2"}],"curies":[{"name":"wp","href":"https:\/\/api.w.org\/{rel}","templated":true}]}}